{"id":7390,"date":"2024-01-11T18:00:13","date_gmt":"2024-01-11T17:00:13","guid":{"rendered":"https:\/\/elizabethsombartmasterclasses.com\/?page_id=7390"},"modified":"2024-01-11T18:48:23","modified_gmt":"2024-01-11T17:48:23","slug":"inscription-adhesion-complete","status":"publish","type":"page","link":"https:\/\/elizabethsombartmasterclasses.com\/fr\/membership-subscription\/inscription-adhesion-complete\/","title":{"rendered":"Inscription - Membre \u00e0 part enti\u00e8re"},"content":{"rendered":"<div data-elementor-type=\"wp-page\" data-elementor-id=\"7390\" class=\"elementor elementor-7390\" data-elementor-post-type=\"page\">\n\t\t\t\t\t\t<section data-dce-background-color=\"#FFA65E\" data-dce-background-image-url=\"https:\/\/elizabethsombartmasterclasses.com\/wp-content\/uploads\/2022\/02\/1199086869-93a89fced5440d3643a833326b7ac7a90058e8fd554b663d95b44fb543e19d08-d-1000x564-1.jpeg\" class=\"elementor-section elementor-top-section elementor-element elementor-element-a9fbedd elementor-section-content-middle elementor-section-full_width elementor-section-height-default elementor-section-height-default\" data-id=\"a9fbedd\" data-element_type=\"section\" data-e-type=\"section\" data-settings=\"{&quot;background_background&quot;:&quot;classic&quot;}\">\n\t\t\t\t\t\t\t<div class=\"elementor-background-overlay\"><\/div>\n\t\t\t\t\t\t\t<div class=\"elementor-container elementor-column-gap-no\">\n\t\t\t\t\t<div class=\"elementor-column elementor-col-100 elementor-top-column elementor-element elementor-element-d548ccd\" data-id=\"d548ccd\" data-element_type=\"column\" data-e-type=\"column\">\n\t\t\t<div class=\"elementor-widget-wrap elementor-element-populated\">\n\t\t\t\t\t\t<section class=\"elementor-section elementor-inner-section elementor-element elementor-element-bc46998 elementor-section-boxed elementor-section-height-default elementor-section-height-default\" data-id=\"bc46998\" data-element_type=\"section\" data-e-type=\"section\">\n\t\t\t\t\t\t<div class=\"elementor-container elementor-column-gap-no\">\n\t\t\t\t\t<div class=\"elementor-column elementor-col-50 elementor-inner-column elementor-element elementor-element-416dee5\" data-id=\"416dee5\" data-element_type=\"column\" data-e-type=\"column\">\n\t\t\t<div class=\"elementor-widget-wrap elementor-element-populated\">\n\t\t\t\t\t\t<div class=\"elementor-element elementor-element-8fde28e elementor-widget elementor-widget-heading\" data-id=\"8fde28e\" data-element_type=\"widget\" data-e-type=\"widget\" data-widget_type=\"heading.default\">\n\t\t\t\t<div class=\"elementor-widget-container\">\n\t\t\t\t\t<h1 class=\"elementor-heading-title elementor-size-default\"><a href=\"https:\/\/elizabethsombartmasterclasses.com\/fr\/membership-subscription\/enregistrement\/?ld_register_id=4823\">Inscrivez-vous d\u00e8s maintenant pour d\u00e9couvrir les secrets d'un jeu de piano exceptionnel. <\/a><\/h1>\t\t\t\t<\/div>\n\t\t\t\t<\/div>\n\t\t\t\t<div data-dce-title-color=\"#FFFFFF\" class=\"elementor-element elementor-element-28aa03b elementor-widget elementor-widget-heading\" data-id=\"28aa03b\" data-element_type=\"widget\" data-e-type=\"widget\" data-widget_type=\"heading.default\">\n\t\t\t\t<div class=\"elementor-widget-container\">\n\t\t\t\t\t<h3 class=\"elementor-heading-title elementor-size-default\">Vous jouerez \u00e0 votre meilleur niveau.<\/h3>\t\t\t\t<\/div>\n\t\t\t\t<\/div>\n\t\t\t\t\t<\/div>\n\t\t<\/div>\n\t\t\t\t<div class=\"elementor-column elementor-col-50 elementor-inner-column elementor-element elementor-element-b5ffa24\" data-id=\"b5ffa24\" data-element_type=\"column\" data-e-type=\"column\">\n\t\t\t<div class=\"elementor-widget-wrap elementor-element-populated\">\n\t\t\t\t\t\t<div data-dce-advanced-background-color=\"#ffffff\" class=\"elementor-element elementor-element-146b2f1 elementor-widget elementor-widget-price-table\" data-id=\"146b2f1\" data-element_type=\"widget\" data-e-type=\"widget\" data-widget_type=\"price-table.default\">\n\t\t\t\t<div class=\"elementor-widget-container\">\n\t\t\t\t\t\n\t\t<div class=\"elementor-price-table\">\n\t\t\t\t\t\t\t<div class=\"elementor-price-table__header\">\n\t\t\t\t\t\t\t\t\t\t\t<h3 class=\"elementor-price-table__heading\">\n\t\t\t\t\t\tABONNEMENT\t\t\t\t\t\t<\/h3>\n\t\t\t\t\t\n\t\t\t\t\t\t\t\t\t\t\t<span class=\"elementor-price-table__subheading\">\n\t\t\t\t\t\t\tLes avantages de votre abonnement annuel\t\t\t\t\t\t<\/span>\n\t\t\t\t\t\t\t\t\t<\/div>\n\t\t\t\n\t\t\t<div class=\"elementor-price-table__price\">\n\t\t\t\t\t\t\t\t\t\t\t\t\t\t\t\t\t<span class=\"elementor-price-table__integer-part\">\n\t\t\t\t\t\t19.90\t\t\t\t\t<\/span>\n\t\t\t\t\n\t\t\t\t\n\t\t\t\t<span class=\"elementor-price-table__currency\">&#128;<\/span>\n\t\t\t\t\t\t\t\t\t<span class=\"elementor-price-table__period elementor-typo-excluded\">Par mois (factur\u00e9 annuellement)<\/span>\t\t\t\t\t\t\t<\/div>\n\n\t\t\t\t\t\t\t<ul class=\"elementor-price-table__features-list\">\n\t\t\t\t\t\t\t\t\t\t\t<li class=\"elementor-repeater-item-77081e8\">\n\t\t\t\t\t\t\t<div class=\"elementor-price-table__feature-inner\">\n\t\t\t\t\t\t\t\t<svg aria-hidden=\"true\" class=\"e-font-icon-svg e-fas-infinity\" viewbox=\"0 0 640 512\" xmlns=\"http:\/\/www.w3.org\/2000\/svg\"><path d=\"M471.1 96C405 96 353.3 137.3 320 174.6 286.7 137.3 235 96 168.9 96 75.8 96 0 167.8 0 256s75.8 160 168.9 160c66.1 0 117.8-41.3 151.1-78.6 33.3 37.3 85 78.6 151.1 78.6 93.1 0 168.9-71.8 168.9-160S564.2 96 471.1 96zM168.9 320c-40.2 0-72.9-28.7-72.9-64s32.7-64 72.9-64c38.2 0 73.4 36.1 94 64-20.4 27.6-55.9 64-94 64zm302.2 0c-38.2 0-73.4-36.1-94-64 20.4-27.6 55.9-64 94-64 40.2 0 72.9 28.7 72.9 64s-32.7 64-72.9 64z\"><\/path><\/svg>\t\t\t\t\t\t\t\t\t\t\t\t\t\t\t\t\t<span >\n\t\t\t\t\t\t\t\t\t\tAcc\u00e8s illimit\u00e9 \u00e0 la vid\u00e9oth\u00e8que de master class\t\t\t\t\t\t\t\t\t<\/span>\n\t\t\t\t\t\t\t\t\t\t\t\t\t\t\t\t<\/div>\n\t\t\t\t\t\t<\/li>\n\t\t\t\t\t\t\t\t\t\t\t<li class=\"elementor-repeater-item-b627f35\">\n\t\t\t\t\t\t\t<div class=\"elementor-price-table__feature-inner\">\n\t\t\t\t\t\t\t\t<svg aria-hidden=\"true\" class=\"e-font-icon-svg e-fas-chevron-circle-right\" viewbox=\"0 0 512 512\" xmlns=\"http:\/\/www.w3.org\/2000\/svg\"><path d=\"M256 8c137 0 248 111 248 248S393 504 256 504 8 393 8 256 119 8 256 8zm113.9 231L234.4 103.5c-9.4-9.4-24.6-9.4-33.9 0l-17 17c-9.4 9.4-9.4 24.6 0 33.9L285.1 256 183.5 357.6c-9.4 9.4-9.4 24.6 0 33.9l17 17c9.4 9.4 24.6 9.4 33.9 0L369.9 273c9.4-9.4 9.4-24.6 0-34z\"><\/path><\/svg>\t\t\t\t\t\t\t\t\t\t\t\t\t\t\t\t\t<span >\n\t\t\t\t\t\t\t\t\t\tMaster class ajout\u00e9es r\u00e9guli\u00e8rement\t\t\t\t\t\t\t\t\t<\/span>\n\t\t\t\t\t\t\t\t\t\t\t\t\t\t\t\t<\/div>\n\t\t\t\t\t\t<\/li>\n\t\t\t\t\t\t\t\t\t\t\t<li class=\"elementor-repeater-item-567ca86\">\n\t\t\t\t\t\t\t<div class=\"elementor-price-table__feature-inner\">\n\t\t\t\t\t\t\t\t<svg aria-hidden=\"true\" class=\"e-font-icon-svg e-far-file-pdf\" viewbox=\"0 0 384 512\" xmlns=\"http:\/\/www.w3.org\/2000\/svg\"><path d=\"M369.9 97.9L286 14C277 5 264.8-.1 252.1-.1H48C21.5 0 0 21.5 0 48v416c0 26.5 21.5 48 48 48h288c26.5 0 48-21.5 48-48V131.9c0-12.7-5.1-25-14.1-34zM332.1 128H256V51.9l76.1 76.1zM48 464V48h160v104c0 13.3 10.7 24 24 24h104v288H48zm250.2-143.7c-12.2-12-47-8.7-64.4-6.5-17.2-10.5-28.7-25-36.8-46.3 3.9-16.1 10.1-40.6 5.4-56-4.2-26.2-37.8-23.6-42.6-5.9-4.4 16.1-.4 38.5 7 67.1-10 23.9-24.9 56-35.4 74.4-20 10.3-47 26.2-51 46.2-3.3 15.8 26 55.2 76.1-31.2 22.4-7.4 46.8-16.5 68.4-20.1 18.9 10.2 41 17 55.8 17 25.5 0 28-28.2 17.5-38.7zm-198.1 77.8c5.1-13.7 24.5-29.5 30.4-35-19 30.3-30.4 35.7-30.4 35zm81.6-190.6c7.4 0 6.7 32.1 1.8 40.8-4.4-13.9-4.3-40.8-1.8-40.8zm-24.4 136.6c9.7-16.9 18-37 24.7-54.7 8.3 15.1 18.9 27.2 30.1 35.5-20.8 4.3-38.9 13.1-54.8 19.2zm131.6-5s-5 6-37.3-7.8c35.1-2.6 40.9 5.4 37.3 7.8z\"><\/path><\/svg>\t\t\t\t\t\t\t\t\t\t\t\t\t\t\t\t\t<span >\n\t\t\t\t\t\t\t\t\t\tAcc\u00e8s gratuit \u00e0 l'e-book P\u00e9dagogie R\u00e9sonnance\t\t\t\t\t\t\t\t\t<\/span>\n\t\t\t\t\t\t\t\t\t\t\t\t\t\t\t\t<\/div>\n\t\t\t\t\t\t<\/li>\n\t\t\t\t\t\t\t\t\t\t\t<li class=\"elementor-repeater-item-fd25758\">\n\t\t\t\t\t\t\t<div class=\"elementor-price-table__feature-inner\">\n\t\t\t\t\t\t\t\t<svg aria-hidden=\"true\" class=\"e-font-icon-svg e-fas-chevron-circle-right\" viewbox=\"0 0 512 512\" xmlns=\"http:\/\/www.w3.org\/2000\/svg\"><path d=\"M256 8c137 0 248 111 248 248S393 504 256 504 8 393 8 256 119 8 256 8zm113.9 231L234.4 103.5c-9.4-9.4-24.6-9.4-33.9 0l-17 17c-9.4 9.4-9.4 24.6 0 33.9L285.1 256 183.5 357.6c-9.4 9.4-9.4 24.6 0 33.9l17 17c9.4 9.4 24.6 9.4 33.9 0L369.9 273c9.4-9.4 9.4-24.6 0-34z\"><\/path><\/svg>\t\t\t\t\t\t\t\t\t\t\t\t\t\t\t\t\t<span >\n\t\t\t\t\t\t\t\t\t\tAcc\u00e8s pour 1 utilisateur sur tous vos appareils\t\t\t\t\t\t\t\t\t<\/span>\n\t\t\t\t\t\t\t\t\t\t\t\t\t\t\t\t<\/div>\n\t\t\t\t\t\t<\/li>\n\t\t\t\t\t\t\t\t\t\t\t<li class=\"elementor-repeater-item-f21e4aa\">\n\t\t\t\t\t\t\t<div class=\"elementor-price-table__feature-inner\">\n\t\t\t\t\t\t\t\t<svg aria-hidden=\"true\" class=\"e-font-icon-svg e-fas-fire-alt\" viewbox=\"0 0 448 512\" xmlns=\"http:\/\/www.w3.org\/2000\/svg\"><path d=\"M323.56 51.2c-20.8 19.3-39.58 39.59-56.22 59.97C240.08 73.62 206.28 35.53 168 0 69.74 91.17 0 209.96 0 281.6 0 408.85 100.29 512 224 512s224-103.15 224-230.4c0-53.27-51.98-163.14-124.44-230.4zm-19.47 340.65C282.43 407.01 255.72 416 226.86 416 154.71 416 96 368.26 96 290.75c0-38.61 24.31-72.63 72.79-130.75 6.93 7.98 98.83 125.34 98.83 125.34l58.63-66.88c4.14 6.85 7.91 13.55 11.27 19.97 27.35 52.19 15.81 118.97-33.43 153.42z\"><\/path><\/svg>\t\t\t\t\t\t\t\t\t\t\t\t\t\t\t\t\t<span >\n\t\t\t\t\t\t\t\t\t\tCommunication avec Elizabeth Sombart\t\t\t\t\t\t\t\t\t<\/span>\n\t\t\t\t\t\t\t\t\t\t\t\t\t\t\t\t<\/div>\n\t\t\t\t\t\t<\/li>\n\t\t\t\t\t\t\t\t\t\t\t<li class=\"elementor-repeater-item-f809369\">\n\t\t\t\t\t\t\t<div class=\"elementor-price-table__feature-inner\">\n\t\t\t\t\t\t\t\t<svg aria-hidden=\"true\" class=\"e-font-icon-svg e-fas-chevron-circle-right\" viewbox=\"0 0 512 512\" xmlns=\"http:\/\/www.w3.org\/2000\/svg\"><path d=\"M256 8c137 0 248 111 248 248S393 504 256 504 8 393 8 256 119 8 256 8zm113.9 231L234.4 103.5c-9.4-9.4-24.6-9.4-33.9 0l-17 17c-9.4 9.4-9.4 24.6 0 33.9L285.1 256 183.5 357.6c-9.4 9.4-9.4 24.6 0 33.9l17 17c9.4 9.4 24.6 9.4 33.9 0L369.9 273c9.4-9.4 9.4-24.6 0-34z\"><\/path><\/svg>\t\t\t\t\t\t\t\t\t\t\t\t\t\t\t\t\t<span >\n\t\t\t\t\t\t\t\t\t\tInscription prioritaire aux master class en personne\t\t\t\t\t\t\t\t\t<\/span>\n\t\t\t\t\t\t\t\t\t\t\t\t\t\t\t\t<\/div>\n\t\t\t\t\t\t<\/li>\n\t\t\t\t\t\t\t\t\t<\/ul>\n\t\t\t\n\t\t\t\t\t<\/div>\n\n\t\t\t\t\t\t<\/div>\n\t\t\t\t<\/div>\n\t\t\t\t\t<\/div>\n\t\t<\/div>\n\t\t\t\t\t<\/div>\n\t\t<\/section>\n\t\t\t\t\t<\/div>\n\t\t<\/div>\n\t\t\t\t\t<\/div>\n\t\t<\/section>\n\t\t\t\t<section data-dce-background-image-url=\"https:\/\/elizabethsombartmasterclasses.com\/wp-content\/uploads\/2021\/06\/1-e1591022651560-1.jpg\" class=\"elementor-section elementor-top-section elementor-element elementor-element-c80122c elementor-section-height-min-height elementor-section-items-top elementor-section-boxed elementor-section-height-default\" data-id=\"c80122c\" data-element_type=\"section\" data-e-type=\"section\" data-settings=\"{&quot;background_background&quot;:&quot;classic&quot;}\">\n\t\t\t\t\t\t\t<div class=\"elementor-background-overlay\"><\/div>\n\t\t\t\t\t\t\t<div class=\"elementor-container elementor-column-gap-default\">\n\t\t\t\t\t<div class=\"elementor-column elementor-col-100 elementor-top-column elementor-element elementor-element-1bfea40\" data-id=\"1bfea40\" data-element_type=\"column\" data-e-type=\"column\" data-settings=\"{&quot;background_background&quot;:&quot;classic&quot;}\">\n\t\t\t<div class=\"elementor-widget-wrap elementor-element-populated\">\n\t\t\t\t\t\t<section class=\"elementor-section elementor-inner-section elementor-element elementor-element-c92a05d elementor-section-boxed elementor-section-height-default elementor-section-height-default\" data-id=\"c92a05d\" data-element_type=\"section\" data-e-type=\"section\" data-settings=\"{&quot;background_background&quot;:&quot;classic&quot;}\">\n\t\t\t\t\t\t<div class=\"elementor-container elementor-column-gap-no\">\n\t\t\t\t\t<div class=\"elementor-column elementor-col-100 elementor-inner-column elementor-element elementor-element-368865c\" data-id=\"368865c\" data-element_type=\"column\" data-e-type=\"column\">\n\t\t\t<div class=\"elementor-widget-wrap elementor-element-populated\">\n\t\t\t\t\t\t<div class=\"elementor-element elementor-element-33c78d6 elementor-widget elementor-widget-shortcode\" data-id=\"33c78d6\" data-element_type=\"widget\" data-e-type=\"widget\" data-widget_type=\"shortcode.default\">\n\t\t\t\t<div class=\"elementor-widget-container\">\n\t\t\t\t\t\t\t<div class=\"elementor-shortcode\">\n\t<div class=\"learndash-wrapper\">\n\n\t<div id=\"learndash-registration-wrapper\" >\n\n\t\n\t<p class=\"registration-login\">Already have an account? <a class=\"registration-login-link\" href=\"\">Log In<\/a><\/p><div class=\"registration-login-form\" style=\"display: none;\"><form name=\"loginform\" id=\"loginform\" action=\"https:\/\/elizabethsombartmasterclasses.com\/wp-login.php\" method=\"post\"><input id=\"learndash-login-form\" type=\"hidden\" name=\"learndash-login-form\" value=\"1a6cbf19e5\" \/><p class=\"login-username\">\n\t\t\t\t<label for=\"user_login\">Identifiant ou adresse e-mail<\/label>\n\t\t\t\t<input type=\"text\" name=\"log\" id=\"user_login\" autocomplete=\"username\" class=\"input\" value=\"\" size=\"20\" \/>\n\t\t\t<\/p><p class=\"login-password\">\n\t\t\t\t<label for=\"user_pass\">Mot de passe<\/label>\n\t\t\t\t<input type=\"password\" name=\"pwd\" id=\"user_pass\" autocomplete=\"current-password\" spellcheck=\"false\" class=\"input\" value=\"\" size=\"20\" \/>\n\t\t\t<\/p><p class=\"login-remember\"><label><input name=\"rememberme\" type=\"checkbox\" id=\"rememberme\" value=\"forever\" \/> Se souvenir de moi<\/label><\/p><p class=\"login-submit\">\n\t\t\t\t<input type=\"submit\" name=\"wp-submit\" id=\"wp-submit\" class=\"button button-primary\" value=\"Se connecter\" \/>\n\t\t\t\t<input type=\"hidden\" name=\"redirect_to\" value=\"https:\/\/elizabethsombartmasterclasses.com\/fr\/membership-subscription\/enregistrement\/\" \/>\n\t\t\t<\/p><\/form><\/div><p class=\"show-password-reset-link\" style=\"display: none;\">Forgot password? <a href=\"https:\/\/elizabethsombartmasterclasses.com\/fr\/membership-subscription\/reinitialiser-le-mot-de-passe\/\">Click here to reset it.<\/a><\/p><p class=\"show-register-form\" style=\"display: none;\"><a href=\"\">Show registration form<\/a><\/p>\t\t\t\t<form name=\"learndash_registerform\" id=\"learndash_registerform\" class=\"ldregister\" action=\"https:\/\/elizabethsombartmasterclasses.com\/wp-login.php?action=register\" method=\"post\">\n\t\t\t\t<p class=\"learndash-registration-field learndash-registration-field-username learndash-required\"><label for=\"username\">Nom d'utilisateur <span class=\"learndash-required-field\">*<\/span><\/label>\n\t\t\t\t\t\t<input aria-required=\"&quot;true&quot;\" type=\"text\" id=\"username\" name=\"user_login\" value=\"\" \/><\/p><p class=\"learndash-registration-field learndash-registration-field-email learndash-required\"><label for=\"email\">Email <span class=\"learndash-required-field\">*<\/span><\/label>\n\t\t\t\t\t\t<input aria-required=\"&quot;true&quot;\" type=\"text\" id=\"email\" name=\"user_email\" value=\"\" \/><\/p><p class=\"learndash-registration-field learndash-registration-field-first_name learndash-required\"><label for=\"first_name\">Pr\u00e9nom <span class=\"learndash-required-field\">*<\/span><\/label>\n\t\t\t\t\t\t<input aria-required=\"&quot;true&quot;\" type=\"text\" id=\"first_name\" name=\"first_name\" value=\"\" \/><\/p><p class=\"learndash-registration-field learndash-registration-field-last_name learndash-required\"><label for=\"last_name\">Nom de famille <span class=\"learndash-required-field\">*<\/span><\/label>\n\t\t\t\t\t\t<input aria-required=\"&quot;true&quot;\" type=\"text\" id=\"last_name\" name=\"last_name\" value=\"\" \/><\/p><p class=\"learndash-registration-field learndash-registration-field-password learndash-required\"><label for=\"password\">Mot de passe <span class=\"learndash-required-field\">*<\/span><\/label>\n\t\t\t\t\t\t<input aria-required=\"&quot;true&quot;\" type=\"password\" id=\"password\" name=\"password\" value=\"\" \/><\/p><p class=\"learndash-registration-field learndash-registration-field-confirmpassword learndash-required\"><label for=\"confirm_password\">Confirm Password <span class=\"learndash-required-field\">*<\/span><\/label><input aria-required=\"&quot;true&quot;\" type=\"password\" id=\"confirm_password\" name=\"confirm_password\" \/><\/p>\t\t\t\t<input name=\"ld_register_id\" value=\"0\" type=\"hidden\" \/>\n\t\t\t\t<input type=\"hidden\" name=\"learndash-registration-form\" value=\"48722688cc\" \/>\n\t\t\t\t<input type=\"hidden\" name=\"redirect_to\" value=\"https:\/\/elizabethsombartmasterclasses.com\/fr\/membership-subscription\/inscription-adhesion-complete\/?ld-registered=true&#038;ld_register_id=0\" \/>\n\t\t\t\t<p><input type=\"submit\" name=\"wp-submit\" id=\"wp-submit\" class=\"button button-primary button-large\" value=\"Register\" \/><\/p>\n\t\t\t<\/form>\n\t\t\t\t<\/div><\/div><\/div>\n\t\t\t\t\t\t<\/div>\n\t\t\t\t<\/div>\n\t\t\t\t\t<\/div>\n\t\t<\/div>\n\t\t\t\t\t<\/div>\n\t\t<\/section>\n\t\t\t\t\t<\/div>\n\t\t<\/div>\n\t\t\t\t\t<\/div>\n\t\t<\/section>\n\t\t\t\t<\/div>","protected":false},"excerpt":{"rendered":"<p>Sign up now to discover the secrets of exceptional piano playing. You will play at your best. SUBSCRIPTION The benefits of your annual subscription 19.90 &#8364; Per month (billed annually) Unlimited access to the masterclass video library Masterclasses added regularly Free access to the R\u00e9sonnance Pedagogy e-book Access for 1 user on all your devices [&hellip;]<\/p>","protected":false},"author":1,"featured_media":0,"parent":984,"menu_order":8,"comment_status":"closed","ping_status":"closed","template":"","meta":{"_acf_changed":false,"footnotes":""},"class_list":["post-7390","page","type-page","status-publish","hentry"],"acf":[],"yoast_head":"<!-- This site is optimized with the Yoast SEO plugin v27.3 - https:\/\/yoast.com\/product\/yoast-seo-wordpress\/ -->\n<title>Registration - Full membership - Elizabeth Sombart Masterclasses<\/title>\n<meta name=\"robots\" content=\"index, follow, max-snippet:-1, max-image-preview:large, max-video-preview:-1\" \/>\n<link rel=\"canonical\" href=\"https:\/\/elizabethsombartmasterclasses.com\/fr\/membership-subscription\/inscription-adhesion-complete\/\" \/>\n<meta property=\"og:locale\" content=\"fr_FR\" \/>\n<meta property=\"og:type\" content=\"article\" \/>\n<meta property=\"og:title\" content=\"Registration - Full membership - Elizabeth Sombart Masterclasses\" \/>\n<meta property=\"og:description\" content=\"Sign up now to discover the secrets of exceptional piano playing. You will play at your best. SUBSCRIPTION The benefits of your annual subscription 19.90 &#8364; Per month (billed annually) Unlimited access to the masterclass video library Masterclasses added regularly Free access to the R\u00e9sonnance Pedagogy e-book Access for 1 user on all your devices [&hellip;]\" \/>\n<meta property=\"og:url\" content=\"https:\/\/elizabethsombartmasterclasses.com\/fr\/membership-subscription\/inscription-adhesion-complete\/\" \/>\n<meta property=\"og:site_name\" content=\"Elizabeth Sombart Masterclasses\" \/>\n<meta property=\"article:modified_time\" content=\"2024-01-11T17:48:23+00:00\" \/>\n<meta name=\"twitter:card\" content=\"summary_large_image\" \/>\n<meta name=\"twitter:label1\" content=\"Dur\u00e9e de lecture estim\u00e9e\" \/>\n\t<meta name=\"twitter:data1\" content=\"1 minute\" \/>\n<script type=\"application\/ld+json\" class=\"yoast-schema-graph\">{\"@context\":\"https:\\\/\\\/schema.org\",\"@graph\":[{\"@type\":\"WebPage\",\"@id\":\"https:\\\/\\\/elizabethsombartmasterclasses.com\\\/membership-subscription\\\/registration-full-membership\\\/\",\"url\":\"https:\\\/\\\/elizabethsombartmasterclasses.com\\\/membership-subscription\\\/registration-full-membership\\\/\",\"name\":\"Registration - Full membership - Elizabeth Sombart Masterclasses\",\"isPartOf\":{\"@id\":\"http:\\\/\\\/elizabethsombartmasterclasses.com\\\/en\\\/#website\"},\"datePublished\":\"2024-01-11T17:00:13+00:00\",\"dateModified\":\"2024-01-11T17:48:23+00:00\",\"breadcrumb\":{\"@id\":\"https:\\\/\\\/elizabethsombartmasterclasses.com\\\/membership-subscription\\\/registration-full-membership\\\/#breadcrumb\"},\"inLanguage\":\"fr-FR\",\"potentialAction\":[{\"@type\":\"ReadAction\",\"target\":[\"https:\\\/\\\/elizabethsombartmasterclasses.com\\\/membership-subscription\\\/registration-full-membership\\\/\"]}]},{\"@type\":\"BreadcrumbList\",\"@id\":\"https:\\\/\\\/elizabethsombartmasterclasses.com\\\/membership-subscription\\\/registration-full-membership\\\/#breadcrumb\",\"itemListElement\":[{\"@type\":\"ListItem\",\"position\":1,\"name\":\"Accueil\",\"item\":\"https:\\\/\\\/elizabethsombartmasterclasses.com\\\/\"},{\"@type\":\"ListItem\",\"position\":2,\"name\":\"Membership Subscription\",\"item\":\"https:\\\/\\\/elizabethsombartmasterclasses.com\\\/membership-subscription\\\/\"},{\"@type\":\"ListItem\",\"position\":3,\"name\":\"Registration &#8211; Full membership\"}]},{\"@type\":\"WebSite\",\"@id\":\"http:\\\/\\\/elizabethsombartmasterclasses.com\\\/en\\\/#website\",\"url\":\"http:\\\/\\\/elizabethsombartmasterclasses.com\\\/en\\\/\",\"name\":\"Elizabeth Sombart Masterclasses\",\"description\":\"Piano Masterclasses with Elizabeth Sombart\",\"publisher\":{\"@id\":\"http:\\\/\\\/elizabethsombartmasterclasses.com\\\/en\\\/#organization\"},\"potentialAction\":[{\"@type\":\"SearchAction\",\"target\":{\"@type\":\"EntryPoint\",\"urlTemplate\":\"http:\\\/\\\/elizabethsombartmasterclasses.com\\\/en\\\/?s={search_term_string}\"},\"query-input\":{\"@type\":\"PropertyValueSpecification\",\"valueRequired\":true,\"valueName\":\"search_term_string\"}}],\"inLanguage\":\"fr-FR\"},{\"@type\":\"Organization\",\"@id\":\"http:\\\/\\\/elizabethsombartmasterclasses.com\\\/en\\\/#organization\",\"name\":\"Fondation R\u00e9sonnance\",\"url\":\"http:\\\/\\\/elizabethsombartmasterclasses.com\\\/en\\\/\",\"logo\":{\"@type\":\"ImageObject\",\"inLanguage\":\"fr-FR\",\"@id\":\"http:\\\/\\\/elizabethsombartmasterclasses.com\\\/en\\\/#\\\/schema\\\/logo\\\/image\\\/\",\"url\":\"https:\\\/\\\/elizabethsombartmasterclasses.com\\\/wp-content\\\/uploads\\\/2023\\\/08\\\/cropped-sombart-masterclasses-1.png\",\"contentUrl\":\"https:\\\/\\\/elizabethsombartmasterclasses.com\\\/wp-content\\\/uploads\\\/2023\\\/08\\\/cropped-sombart-masterclasses-1.png\",\"width\":498,\"height\":143,\"caption\":\"Fondation R\u00e9sonnance\"},\"image\":{\"@id\":\"http:\\\/\\\/elizabethsombartmasterclasses.com\\\/en\\\/#\\\/schema\\\/logo\\\/image\\\/\"}}]}<\/script>\n<!-- \/ Yoast SEO plugin. -->","yoast_head_json":{"title":"Inscription - Adh\u00e9sion compl\u00e8te - Masterclasses Elizabeth Sombart","robots":{"index":"index","follow":"follow","max-snippet":"max-snippet:-1","max-image-preview":"max-image-preview:large","max-video-preview":"max-video-preview:-1"},"canonical":"https:\/\/elizabethsombartmasterclasses.com\/fr\/membership-subscription\/inscription-adhesion-complete\/","og_locale":"fr_FR","og_type":"article","og_title":"Registration - Full membership - Elizabeth Sombart Masterclasses","og_description":"Sign up now to discover the secrets of exceptional piano playing. You will play at your best. SUBSCRIPTION The benefits of your annual subscription 19.90 &#8364; Per month (billed annually) Unlimited access to the masterclass video library Masterclasses added regularly Free access to the R\u00e9sonnance Pedagogy e-book Access for 1 user on all your devices [&hellip;]","og_url":"https:\/\/elizabethsombartmasterclasses.com\/fr\/membership-subscription\/inscription-adhesion-complete\/","og_site_name":"Elizabeth Sombart Masterclasses","article_modified_time":"2024-01-11T17:48:23+00:00","twitter_card":"summary_large_image","twitter_misc":{"Dur\u00e9e de lecture estim\u00e9e":"1 minute"},"schema":{"@context":"https:\/\/schema.org","@graph":[{"@type":"WebPage","@id":"https:\/\/elizabethsombartmasterclasses.com\/membership-subscription\/registration-full-membership\/","url":"https:\/\/elizabethsombartmasterclasses.com\/membership-subscription\/registration-full-membership\/","name":"Inscription - Adh\u00e9sion compl\u00e8te - Masterclasses Elizabeth Sombart","isPartOf":{"@id":"http:\/\/elizabethsombartmasterclasses.com\/en\/#website"},"datePublished":"2024-01-11T17:00:13+00:00","dateModified":"2024-01-11T17:48:23+00:00","breadcrumb":{"@id":"https:\/\/elizabethsombartmasterclasses.com\/membership-subscription\/registration-full-membership\/#breadcrumb"},"inLanguage":"fr-FR","potentialAction":[{"@type":"ReadAction","target":["https:\/\/elizabethsombartmasterclasses.com\/membership-subscription\/registration-full-membership\/"]}]},{"@type":"BreadcrumbList","@id":"https:\/\/elizabethsombartmasterclasses.com\/membership-subscription\/registration-full-membership\/#breadcrumb","itemListElement":[{"@type":"ListItem","position":1,"name":"Accueil","item":"https:\/\/elizabethsombartmasterclasses.com\/"},{"@type":"ListItem","position":2,"name":"Membership Subscription","item":"https:\/\/elizabethsombartmasterclasses.com\/membership-subscription\/"},{"@type":"ListItem","position":3,"name":"Registration &#8211; Full membership"}]},{"@type":"WebSite","@id":"http:\/\/elizabethsombartmasterclasses.com\/en\/#website","url":"http:\/\/elizabethsombartmasterclasses.com\/en\/","name":"Elizabeth Sombart Masterclasses","description":"Masterclasses de piano avec Elizabeth Sombart","publisher":{"@id":"http:\/\/elizabethsombartmasterclasses.com\/en\/#organization"},"potentialAction":[{"@type":"SearchAction","target":{"@type":"EntryPoint","urlTemplate":"http:\/\/elizabethsombartmasterclasses.com\/en\/?s={search_term_string}"},"query-input":{"@type":"PropertyValueSpecification","valueRequired":true,"valueName":"search_term_string"}}],"inLanguage":"fr-FR"},{"@type":"Organization","@id":"http:\/\/elizabethsombartmasterclasses.com\/en\/#organization","name":"Fondation R\u00e9sonnance","url":"http:\/\/elizabethsombartmasterclasses.com\/en\/","logo":{"@type":"ImageObject","inLanguage":"fr-FR","@id":"http:\/\/elizabethsombartmasterclasses.com\/en\/#\/schema\/logo\/image\/","url":"https:\/\/elizabethsombartmasterclasses.com\/wp-content\/uploads\/2023\/08\/cropped-sombart-masterclasses-1.png","contentUrl":"https:\/\/elizabethsombartmasterclasses.com\/wp-content\/uploads\/2023\/08\/cropped-sombart-masterclasses-1.png","width":498,"height":143,"caption":"Fondation R\u00e9sonnance"},"image":{"@id":"http:\/\/elizabethsombartmasterclasses.com\/en\/#\/schema\/logo\/image\/"}}]}},"_links":{"self":[{"href":"https:\/\/elizabethsombartmasterclasses.com\/fr\/wp-json\/wp\/v2\/pages\/7390","targetHints":{"allow":["GET"]}}],"collection":[{"href":"https:\/\/elizabethsombartmasterclasses.com\/fr\/wp-json\/wp\/v2\/pages"}],"about":[{"href":"https:\/\/elizabethsombartmasterclasses.com\/fr\/wp-json\/wp\/v2\/types\/page"}],"author":[{"embeddable":true,"href":"https:\/\/elizabethsombartmasterclasses.com\/fr\/wp-json\/wp\/v2\/users\/1"}],"replies":[{"embeddable":true,"href":"https:\/\/elizabethsombartmasterclasses.com\/fr\/wp-json\/wp\/v2\/comments?post=7390"}],"version-history":[{"count":0,"href":"https:\/\/elizabethsombartmasterclasses.com\/fr\/wp-json\/wp\/v2\/pages\/7390\/revisions"}],"up":[{"embeddable":true,"href":"https:\/\/elizabethsombartmasterclasses.com\/fr\/wp-json\/wp\/v2\/pages\/984"}],"wp:attachment":[{"href":"https:\/\/elizabethsombartmasterclasses.com\/fr\/wp-json\/wp\/v2\/media?parent=7390"}],"curies":[{"name":"wp","href":"https:\/\/api.w.org\/{rel}","templated":true}]}}