{"id":1914,"date":"2022-03-16T15:04:23","date_gmt":"2022-03-16T14:04:23","guid":{"rendered":"https:\/\/elizabethsombartmasterclasses.com?page_id=1914"},"modified":"2023-07-04T10:17:48","modified_gmt":"2023-07-04T08:17:48","slug":"politique-de-confidentialite","status":"publish","type":"page","link":"https:\/\/elizabethsombartmasterclasses.com\/fr\/politique-de-confidentialite\/","title":{"rendered":"Politique de confidentialit\u00e9"},"content":{"rendered":"<div data-elementor-type=\"wp-page\" data-elementor-id=\"1914\" class=\"elementor elementor-1914\" data-elementor-post-type=\"page\">\n\t\t\t\t\t\t<section class=\"elementor-section elementor-top-section elementor-element elementor-element-3de50cbb elementor-section-boxed elementor-section-height-default elementor-section-height-default\" data-id=\"3de50cbb\" data-element_type=\"section\" data-e-type=\"section\">\n\t\t\t\t\t\t<div class=\"elementor-container elementor-column-gap-default\">\n\t\t\t\t\t<div class=\"elementor-column elementor-col-100 elementor-top-column elementor-element elementor-element-31487d52\" data-id=\"31487d52\" data-element_type=\"column\" data-e-type=\"column\">\n\t\t\t<div class=\"elementor-widget-wrap elementor-element-populated\">\n\t\t\t\t\t\t<div class=\"elementor-element elementor-element-75a39fbb elementor-widget elementor-widget-text-editor\" data-id=\"75a39fbb\" data-element_type=\"widget\" data-e-type=\"widget\" data-widget_type=\"text-editor.default\">\n\t\t\t\t<div class=\"elementor-widget-container\">\n\t\t\t\t\t\t\t\t\t<h1>Politique de confidentialit\u00e9<\/h1><h1>Comment nous utilisons vos informations personnelles<\/h1><p><span style=\"font-weight: 400;\">La pr\u00e9sente politique de confidentialit\u00e9 explique quelles informations personnelles Elizabeth Sombart Masterclasses recueille aupr\u00e8s des personnes qui interagissent avec notre organisation et comment nous les utilisons.\u00a0<\/span><\/p><p><span style=\"font-weight: 400;\">Si vous avez des commentaires ou des questions concernant cette politique, veuillez contacter <a href=\"https:\/\/elizabethsombartmasterclasses.com\/fr\/piano-masterclasses-avec-elizabeth-sombart\/contact\/\">nous contacter<\/a><\/span><span style=\"font-weight: 400;\">.<\/span><\/p><h2>1. Quelles sont les donn\u00e9es collect\u00e9es et pourquoi ?<\/h2><p><span style=\"font-weight: 400;\">Le tableau suivant \u00e9num\u00e8re le type de donn\u00e9es que nous collectons et la base juridique de la collecte et du traitement de ces donn\u00e9es, conform\u00e9ment \u00e0 la l\u00e9gislation en vigueur en mati\u00e8re de protection des donn\u00e9es.<\/span><\/p><table><tbody><tr><td><b>Objectif<\/b><\/td><td><b>Donn\u00e9es collect\u00e9es<\/b><\/td><td><b>Base<\/b><\/td><\/tr><tr><td><span style=\"font-weight: 400;\">Demande de renseignements sur les masterclasses d'Elizabeth Sombart<\/span><\/td><td><span style=\"font-weight: 400;\">Nom, email, message<\/span><\/td><td><span style=\"font-weight: 400;\">Int\u00e9r\u00eats l\u00e9gitimes : il est n\u00e9cessaire pour nous de lire et de stocker votre message afin que nous puissions y r\u00e9pondre de la mani\u00e8re que vous attendez.<\/span><\/td><\/tr><tr><td><span style=\"font-weight: 400;\">S'abonner aux mises \u00e0 jour par email\u00a0<\/span><\/td><td><span style=\"font-weight: 400;\">Nom, email<\/span><\/td><td><span style=\"font-weight: 400;\">Consentement : vous avez donn\u00e9 votre consentement actif pour recevoir des mises \u00e0 jour par email sur les offres et les \u00e9v\u00e9nements.\u00a0<\/span><\/td><\/tr><tr><td><span style=\"font-weight: 400;\">Cr\u00e9ation d'un compte sur notre site web<\/span><\/td><td><span style=\"font-weight: 400;\">Nom, email, adresse, informations de paiement<\/span><\/td><td><span style=\"font-weight: 400;\">Int\u00e9r\u00eats l\u00e9gitimes : ces informations sont n\u00e9cessaires pour r\u00e9pondre \u00e0 votre intention de cr\u00e9er un compte pour acc\u00e9der aux masterclasses en ligne et \u00e0 votre attente de recevoir un message de confirmation.<\/span><\/td><\/tr><tr><td><span style=\"font-weight: 400;\">Fonctionnalit\u00e9 du site web<\/span><\/td><td><span style=\"font-weight: 400;\">Activit\u00e9 du site web collect\u00e9e par le biais de cookies<\/span><\/td><td><span style=\"font-weight: 400;\">Int\u00e9r\u00eats l\u00e9gitimes : il est n\u00e9cessaire que nous stockions une petite quantit\u00e9 d'informations, g\u00e9n\u00e9ralement par le biais de cookies, afin de fournir les fonctionnalit\u00e9s que vous attendez, telles que l'enregistrement des vid\u00e9os que vous avez regard\u00e9es et la suggestion de vid\u00e9os que vous pourriez regarder ensuite.\u00a0<\/span><\/td><\/tr><tr><td><span style=\"font-weight: 400;\">S'inscrire aux masterclasses en personne<\/span><\/td><td><span style=\"font-weight: 400;\">Nom, email, adresse, message\u00a0<\/span><\/td><td><span style=\"font-weight: 400;\">Int\u00e9r\u00eats l\u00e9gitimes : ces informations sont n\u00e9cessaires pour que nous puissions r\u00e9pondre \u00e0 votre intention de participer \u00e0 une masterclasse en personne dans l'une des Acad\u00e9mies R\u00e9sonnance.<\/span><\/td><\/tr><\/tbody><\/table><h2><b>2. Comment nous utilisons vos donn\u00e9es<\/b><\/h2><p><span style=\"font-weight: 400;\">Nous n'utiliserons vos donn\u00e9es que d'une mani\u00e8re appropri\u00e9e compte tenu de la base sur laquelle ces donn\u00e9es ont \u00e9t\u00e9 collect\u00e9es, comme indiqu\u00e9 dans le tableau figurant au d\u00e9but de la pr\u00e9sente politique.\u00a0<\/span><\/p><p><span style=\"font-weight: 400;\">Par exemple, nous pouvons utiliser vos informations personnelles pour :<\/span><\/p><ul><li style=\"font-weight: 400;\" aria-level=\"1\"><span style=\"font-weight: 400;\">r\u00e9pondre aux demandes de renseignements que vous nous envoyez<\/span><\/li><li style=\"font-weight: 400;\" aria-level=\"1\"><span style=\"font-weight: 400;\">lorsque vous y avez express\u00e9ment consenti, vous envoyer des communications par email concernant des offres ou des \u00e9v\u00e9nements que nous pensons susceptibles de vous int\u00e9resser<\/span><\/li><li style=\"font-weight: 400;\" aria-level=\"1\"><span style=\"font-weight: 400;\">enregistrer votre participation \u00e0 des \u00e9v\u00e9nements en ligne ou en personne<\/span><\/li><li style=\"font-weight: 400;\" aria-level=\"1\"><span style=\"font-weight: 400;\">traiter vos paiements mensuels<\/span><\/li><li style=\"font-weight: 400;\" aria-level=\"1\"><span style=\"font-weight: 400;\">nous aider \u00e0 mieux comprendre vos int\u00e9r\u00eats et vos besoins et \u00e0 am\u00e9liorer la plateforme<\/span><\/li><\/ul><h2><b>3. Quand nous partageons vos donn\u00e9es<\/b><\/h2><p><span style=\"font-weight: 400;\">Nous ne transmettrons vos donn\u00e9es \u00e0 des tiers que dans les circonstances suivantes :<\/span><\/p><ul><li style=\"font-weight: 400;\" aria-level=\"1\"><span style=\"font-weight: 400;\">vous avez donn\u00e9 votre accord explicite pour que nous transmettions des donn\u00e9es \u00e0 un tiers d\u00e9sign\u00e9\u00a0<\/span><\/li><li style=\"font-weight: 400;\" aria-level=\"1\"><span style=\"font-weight: 400;\">nous faisons appel \u00e0 un tiers uniquement pour traiter des donn\u00e9es en notre nom et nous avons mis en place un accord de traitement des donn\u00e9es avec ce tiers qui remplit nos obligations l\u00e9gales en ce qui concerne l'utilisation de tiers charg\u00e9s du traitement des donn\u00e9es<\/span><\/li><li style=\"font-weight: 400;\" aria-level=\"1\"><span style=\"font-weight: 400;\">nous sommes tenus par la loi de partager vos donn\u00e9es\u00a0<\/span><\/li><\/ul><p><span style=\"font-weight: 400;\">En outre, nous ne transmettons des donn\u00e9es \u00e0 des tiers en dehors de l'UE que si des garanties appropri\u00e9es sont en place, conform\u00e9ment \u00e0 l'article 46 du r\u00e8glement g\u00e9n\u00e9ral sur la protection des donn\u00e9es.\u00a0<\/span><\/p><h2><b>4. Dur\u00e9e de conservation des donn\u00e9es<\/b><\/h2><p><span style=\"font-weight: 400;\">Nous ne demandons jamais que la quantit\u00e9 minimale de donn\u00e9es pour l'objectif associ\u00e9 et nous supprimons rapidement ces donn\u00e9es d\u00e8s qu'elles ne sont plus n\u00e9cessaires.\u00a0<\/span><\/p><p><span style=\"font-weight: 400;\">Lorsque les donn\u00e9es sont collect\u00e9es sur la base du consentement, nous demanderons le renouvellement du consentement au moins tous les trois ans.\u00a0<\/span><\/p><h2><b>5. Droits que vous avez sur vos donn\u00e9es<\/b><\/h2><p><span style=\"font-weight: 400;\">Vous disposez d'une s\u00e9rie de droits sur vos donn\u00e9es, dont les suivants :<\/span><\/p><ul><li style=\"font-weight: 400;\" aria-level=\"1\"><span style=\"font-weight: 400;\">Lorsque le traitement des donn\u00e9es est fond\u00e9 sur le consentement, vous pouvez r\u00e9voquer ce consentement \u00e0 tout moment et nous vous faciliterons la t\u00e2che autant que possible (par exemple en pla\u00e7ant des liens de d\u00e9sinscription au bas de tous nos emails).<\/span><\/li><li style=\"font-weight: 400;\" aria-level=\"1\"><span style=\"font-weight: 400;\">Vous avez le droit de demander la rectification et\/ou la suppression de vos informations<\/span><\/li><li style=\"font-weight: 400;\" aria-level=\"1\"><span style=\"font-weight: 400;\">Vous avez le droit d'acc\u00e9der \u00e0 vos informations<\/span><\/li><\/ul><p><span style=\"font-weight: 400;\">Si vous souhaitez vous pr\u00e9valoir de l'un des droits \u00e9num\u00e9r\u00e9s ci-dessus, ou de tout autre droit l\u00e9gal dont vous disposez sur vos donn\u00e9es en vertu de la l\u00e9gislation en vigueur, veuillez <a href=\"https:\/\/elizabethsombartmasterclasses.com\/fr\/piano-masterclasses-avec-elizabeth-sombart\/contact\/\">nous contacter<\/a>.<\/span><\/p><h2><b>6. Cookies et suivi de l'utilisation<\/b><\/h2><p><span style=\"font-weight: 400;\">Un cookie est un petit fichier qui est t\u00e9l\u00e9charg\u00e9 sur votre ordinateur lorsque vous visitez un site web. Les cookies sont utilis\u00e9s par de nombreux sites web et peuvent remplir un certain nombre de fonctions, telles que la m\u00e9morisation de vos pr\u00e9f\u00e9rences ou le comptage du nombre de personnes qui consultent un site web.<\/span><\/p><p><span style=\"font-weight: 400;\">Lorsque les cookies sont utilis\u00e9s pour collecter des donn\u00e9es \u00e0 caract\u00e8re personnel, nous \u00e9num\u00e9rons ces objectifs dans la section 1 ci-dessus, avec d'autres donn\u00e9es \u00e0 caract\u00e8re personnel que nous collectons. Cependant, nous utilisons \u00e9galement des cookies qui ne collectent pas de donn\u00e9es personnelles mais qui nous aident \u00e0 recueillir des informations anonymes sur la mani\u00e8re dont les internautes utilisent notre site web. Nous utilisons Google Analytics \u00e0 cette fin.\u00a0\u00a0<\/span><\/p><p><span style=\"font-weight: 400;\">Google Analytics utilise des cookies pour g\u00e9n\u00e9rer des statistiques et d'autres informations sur l'utilisation du site web. Les informations collect\u00e9es par Google Analytics sur l'utilisation de notre site web ne sont pas personnellement identifiables. Les donn\u00e9es sont collect\u00e9es de mani\u00e8re anonyme, stock\u00e9es par Google et utilis\u00e9es par nous pour cr\u00e9er des rapports sur l'utilisation du site. La politique de confidentialit\u00e9 de Google est disponible \u00e0 l'adresse suivante <\/span><a href=\"http:\/\/www.google.com\/privacypolicy.html\"><span style=\"font-weight: 400;\">http:\/\/www.google.com\/privacypolicy.html<\/span><\/a><span style=\"font-weight: 400;\">.<\/span><\/p><h2><b>7. Modifications<\/b><\/h2><p><span style=\"font-weight: 400;\">Nous pouvons modifier la pr\u00e9sente politique de confidentialit\u00e9 de temps \u00e0 autre et nous publierons la version la plus r\u00e9cente sur notre site web. Si une modification r\u00e9duit sensiblement vos droits, nous en informerons les personnes dont nous d\u00e9tenons les donn\u00e9es \u00e0 caract\u00e8re personnel.<\/span><\/p>\t\t\t\t\t\t\t\t<\/div>\n\t\t\t\t<\/div>\n\t\t\t\t\t<\/div>\n\t\t<\/div>\n\t\t\t\t\t<\/div>\n\t\t<\/section>\n\t\t\t\t<\/div>","protected":false},"excerpt":{"rendered":"<p>Privacy Policy How we use your personal information This Privacy Policy explains what personal information Elizabeth Sombart Masterclasses collects from individuals who interact with our organization and how we use it.\u00a0 If you have any comments or questions about this policy, please contact us. 1. What data we collect and why The following table lists [&hellip;]<\/p>","protected":false},"author":1,"featured_media":0,"parent":0,"menu_order":19,"comment_status":"closed","ping_status":"closed","template":"elementor_header_footer","meta":{"_acf_changed":false,"footnotes":""},"class_list":["post-1914","page","type-page","status-publish","hentry"],"acf":[],"yoast_head":"<!-- This site is optimized with the Yoast SEO plugin v27.3 - https:\/\/yoast.com\/product\/yoast-seo-wordpress\/ -->\n<title>Privacy Policy - Elizabeth Sombart Masterclasses<\/title>\n<meta name=\"robots\" content=\"index, follow, max-snippet:-1, max-image-preview:large, max-video-preview:-1\" \/>\n<link rel=\"canonical\" href=\"https:\/\/elizabethsombartmasterclasses.com\/fr\/politique-de-confidentialite\/\" \/>\n<meta property=\"og:locale\" content=\"fr_FR\" \/>\n<meta property=\"og:type\" content=\"article\" \/>\n<meta property=\"og:title\" content=\"Privacy Policy - Elizabeth Sombart Masterclasses\" \/>\n<meta property=\"og:description\" content=\"Privacy Policy How we use your personal information This Privacy Policy explains what personal information Elizabeth Sombart Masterclasses collects from individuals who interact with our organization and how we use it.\u00a0 If you have any comments or questions about this policy, please contact us. 1. What data we collect and why The following table lists [&hellip;]\" \/>\n<meta property=\"og:url\" content=\"https:\/\/elizabethsombartmasterclasses.com\/fr\/politique-de-confidentialite\/\" \/>\n<meta property=\"og:site_name\" content=\"Elizabeth Sombart Masterclasses\" \/>\n<meta property=\"article:modified_time\" content=\"2023-07-04T08:17:48+00:00\" \/>\n<meta name=\"twitter:card\" content=\"summary_large_image\" \/>\n<meta name=\"twitter:label1\" content=\"Dur\u00e9e de lecture estim\u00e9e\" \/>\n\t<meta name=\"twitter:data1\" content=\"4 minutes\" \/>\n<script type=\"application\/ld+json\" class=\"yoast-schema-graph\">{\"@context\":\"https:\\\/\\\/schema.org\",\"@graph\":[{\"@type\":\"WebPage\",\"@id\":\"https:\\\/\\\/elizabethsombartmasterclasses.com\\\/privacy-policy\\\/\",\"url\":\"https:\\\/\\\/elizabethsombartmasterclasses.com\\\/privacy-policy\\\/\",\"name\":\"Privacy Policy - Elizabeth Sombart Masterclasses\",\"isPartOf\":{\"@id\":\"http:\\\/\\\/elizabethsombartmasterclasses.com\\\/en\\\/#website\"},\"datePublished\":\"2022-03-16T14:04:23+00:00\",\"dateModified\":\"2023-07-04T08:17:48+00:00\",\"breadcrumb\":{\"@id\":\"https:\\\/\\\/elizabethsombartmasterclasses.com\\\/privacy-policy\\\/#breadcrumb\"},\"inLanguage\":\"fr-FR\",\"potentialAction\":[{\"@type\":\"ReadAction\",\"target\":[\"https:\\\/\\\/elizabethsombartmasterclasses.com\\\/privacy-policy\\\/\"]}]},{\"@type\":\"BreadcrumbList\",\"@id\":\"https:\\\/\\\/elizabethsombartmasterclasses.com\\\/privacy-policy\\\/#breadcrumb\",\"itemListElement\":[{\"@type\":\"ListItem\",\"position\":1,\"name\":\"Accueil\",\"item\":\"https:\\\/\\\/elizabethsombartmasterclasses.com\\\/\"},{\"@type\":\"ListItem\",\"position\":2,\"name\":\"Privacy Policy\"}]},{\"@type\":\"WebSite\",\"@id\":\"http:\\\/\\\/elizabethsombartmasterclasses.com\\\/en\\\/#website\",\"url\":\"http:\\\/\\\/elizabethsombartmasterclasses.com\\\/en\\\/\",\"name\":\"Elizabeth Sombart Masterclasses\",\"description\":\"Piano Masterclasses with Elizabeth Sombart\",\"publisher\":{\"@id\":\"http:\\\/\\\/elizabethsombartmasterclasses.com\\\/en\\\/#organization\"},\"potentialAction\":[{\"@type\":\"SearchAction\",\"target\":{\"@type\":\"EntryPoint\",\"urlTemplate\":\"http:\\\/\\\/elizabethsombartmasterclasses.com\\\/en\\\/?s={search_term_string}\"},\"query-input\":{\"@type\":\"PropertyValueSpecification\",\"valueRequired\":true,\"valueName\":\"search_term_string\"}}],\"inLanguage\":\"fr-FR\"},{\"@type\":\"Organization\",\"@id\":\"http:\\\/\\\/elizabethsombartmasterclasses.com\\\/en\\\/#organization\",\"name\":\"Fondation R\u00e9sonnance\",\"url\":\"http:\\\/\\\/elizabethsombartmasterclasses.com\\\/en\\\/\",\"logo\":{\"@type\":\"ImageObject\",\"inLanguage\":\"fr-FR\",\"@id\":\"http:\\\/\\\/elizabethsombartmasterclasses.com\\\/en\\\/#\\\/schema\\\/logo\\\/image\\\/\",\"url\":\"https:\\\/\\\/elizabethsombartmasterclasses.com\\\/wp-content\\\/uploads\\\/2023\\\/08\\\/cropped-sombart-masterclasses-1.png\",\"contentUrl\":\"https:\\\/\\\/elizabethsombartmasterclasses.com\\\/wp-content\\\/uploads\\\/2023\\\/08\\\/cropped-sombart-masterclasses-1.png\",\"width\":498,\"height\":143,\"caption\":\"Fondation R\u00e9sonnance\"},\"image\":{\"@id\":\"http:\\\/\\\/elizabethsombartmasterclasses.com\\\/en\\\/#\\\/schema\\\/logo\\\/image\\\/\"}}]}<\/script>\n<!-- \/ Yoast SEO plugin. -->","yoast_head_json":{"title":"Politique de confidentialit\u00e9 - Elizabeth Sombart Masterclasses","robots":{"index":"index","follow":"follow","max-snippet":"max-snippet:-1","max-image-preview":"max-image-preview:large","max-video-preview":"max-video-preview:-1"},"canonical":"https:\/\/elizabethsombartmasterclasses.com\/fr\/politique-de-confidentialite\/","og_locale":"fr_FR","og_type":"article","og_title":"Privacy Policy - Elizabeth Sombart Masterclasses","og_description":"Privacy Policy How we use your personal information This Privacy Policy explains what personal information Elizabeth Sombart Masterclasses collects from individuals who interact with our organization and how we use it.\u00a0 If you have any comments or questions about this policy, please contact us. 1. What data we collect and why The following table lists [&hellip;]","og_url":"https:\/\/elizabethsombartmasterclasses.com\/fr\/politique-de-confidentialite\/","og_site_name":"Elizabeth Sombart Masterclasses","article_modified_time":"2023-07-04T08:17:48+00:00","twitter_card":"summary_large_image","twitter_misc":{"Dur\u00e9e de lecture estim\u00e9e":"4 minutes"},"schema":{"@context":"https:\/\/schema.org","@graph":[{"@type":"WebPage","@id":"https:\/\/elizabethsombartmasterclasses.com\/privacy-policy\/","url":"https:\/\/elizabethsombartmasterclasses.com\/privacy-policy\/","name":"Politique de confidentialit\u00e9 - Elizabeth Sombart Masterclasses","isPartOf":{"@id":"http:\/\/elizabethsombartmasterclasses.com\/en\/#website"},"datePublished":"2022-03-16T14:04:23+00:00","dateModified":"2023-07-04T08:17:48+00:00","breadcrumb":{"@id":"https:\/\/elizabethsombartmasterclasses.com\/privacy-policy\/#breadcrumb"},"inLanguage":"fr-FR","potentialAction":[{"@type":"ReadAction","target":["https:\/\/elizabethsombartmasterclasses.com\/privacy-policy\/"]}]},{"@type":"BreadcrumbList","@id":"https:\/\/elizabethsombartmasterclasses.com\/privacy-policy\/#breadcrumb","itemListElement":[{"@type":"ListItem","position":1,"name":"Accueil","item":"https:\/\/elizabethsombartmasterclasses.com\/"},{"@type":"ListItem","position":2,"name":"Privacy Policy"}]},{"@type":"WebSite","@id":"http:\/\/elizabethsombartmasterclasses.com\/en\/#website","url":"http:\/\/elizabethsombartmasterclasses.com\/en\/","name":"Elizabeth Sombart Masterclasses","description":"Masterclasses de piano avec Elizabeth Sombart","publisher":{"@id":"http:\/\/elizabethsombartmasterclasses.com\/en\/#organization"},"potentialAction":[{"@type":"SearchAction","target":{"@type":"EntryPoint","urlTemplate":"http:\/\/elizabethsombartmasterclasses.com\/en\/?s={search_term_string}"},"query-input":{"@type":"PropertyValueSpecification","valueRequired":true,"valueName":"search_term_string"}}],"inLanguage":"fr-FR"},{"@type":"Organization","@id":"http:\/\/elizabethsombartmasterclasses.com\/en\/#organization","name":"Fondation R\u00e9sonnance","url":"http:\/\/elizabethsombartmasterclasses.com\/en\/","logo":{"@type":"ImageObject","inLanguage":"fr-FR","@id":"http:\/\/elizabethsombartmasterclasses.com\/en\/#\/schema\/logo\/image\/","url":"https:\/\/elizabethsombartmasterclasses.com\/wp-content\/uploads\/2023\/08\/cropped-sombart-masterclasses-1.png","contentUrl":"https:\/\/elizabethsombartmasterclasses.com\/wp-content\/uploads\/2023\/08\/cropped-sombart-masterclasses-1.png","width":498,"height":143,"caption":"Fondation R\u00e9sonnance"},"image":{"@id":"http:\/\/elizabethsombartmasterclasses.com\/en\/#\/schema\/logo\/image\/"}}]}},"_links":{"self":[{"href":"https:\/\/elizabethsombartmasterclasses.com\/fr\/wp-json\/wp\/v2\/pages\/1914","targetHints":{"allow":["GET"]}}],"collection":[{"href":"https:\/\/elizabethsombartmasterclasses.com\/fr\/wp-json\/wp\/v2\/pages"}],"about":[{"href":"https:\/\/elizabethsombartmasterclasses.com\/fr\/wp-json\/wp\/v2\/types\/page"}],"author":[{"embeddable":true,"href":"https:\/\/elizabethsombartmasterclasses.com\/fr\/wp-json\/wp\/v2\/users\/1"}],"replies":[{"embeddable":true,"href":"https:\/\/elizabethsombartmasterclasses.com\/fr\/wp-json\/wp\/v2\/comments?post=1914"}],"version-history":[{"count":0,"href":"https:\/\/elizabethsombartmasterclasses.com\/fr\/wp-json\/wp\/v2\/pages\/1914\/revisions"}],"wp:attachment":[{"href":"https:\/\/elizabethsombartmasterclasses.com\/fr\/wp-json\/wp\/v2\/media?parent=1914"}],"curies":[{"name":"wp","href":"https:\/\/api.w.org\/{rel}","templated":true}]}}